{"id":13,"date":"2023-04-30T03:50:40","date_gmt":"2023-04-30T03:50:40","guid":{"rendered":"https:\/\/xn--larabkhltransporte-r6b.de\/?page_id=13"},"modified":"2025-08-29T16:07:09","modified_gmt":"2025-08-29T14:07:09","slug":"impressum","status":"publish","type":"page","link":"https:\/\/xn--larabkhltransporte-r6b.de\/?page_id=13","title":{"rendered":"IMPRESSUM"},"content":{"rendered":"\t\t<div data-elementor-type=\"wp-page\" data-elementor-id=\"13\" class=\"elementor elementor-13\">\n\t\t\t\t<div class=\"elementor-element elementor-element-78dd94e7 e-flex e-con-boxed e-con e-parent\" data-id=\"78dd94e7\" data-element_type=\"container\">\n\t\t\t\t\t<div class=\"e-con-inner\">\n\t\t\t\t<div class=\"elementor-element elementor-element-6e61adbe elementor-widget elementor-widget-text-editor\" data-id=\"6e61adbe\" data-element_type=\"widget\" data-widget_type=\"text-editor.default\">\n\t\t\t\t<div class=\"elementor-widget-container\">\n\t\t\t\t\t\t\t\t\t<div class=\"wp-block-media-text alignwide is-stacked-on-mobile\">\n<figure class=\"wp-block-media-text__media\"><\/figure>\n<div class=\"wp-block-media-text__content\">\n<p><\/p>\n<h1 class=\"wp-block-heading\">Impressum<\/h1>\n<p><\/p>\n<p><\/p>\n<h2 class=\"wp-block-heading\">Angaben gem\u00e4\u00df \u00a7 5 TMG<\/h2>\n<p><\/p>\n<p><\/p>\n<p>Larab K\u00fchltransporte GmbH<br \/>im Schiffels 2, <br \/>55491 B\u00fcchenbeuren<\/p>\n<p><\/p>\n<p><\/p>\n<p><strong>Vertreten durch:<\/strong><\/p>\n<p>Jihene Hannafi<\/p>\n<p><\/p>\n<p><\/p>\n<h2 class=\"wp-block-heading\">Kontakt<\/h2>\n<p><\/p>\n<p><\/p>\n<p>Telefon: \u00a006543-5058427<\/p>\n<p><\/p>\n<p><\/p>\n<p>Telefax: \u00a006543-5058428<\/p>\n<p><\/p>\n<p><\/p>\n<p>Handy:\u00a0 \u00a00176-70848250<\/p>\n<p><\/p>\n<p><\/p>\n<p>E-Mail:\u00a0 \u00a0info@larabkuehltransporte.de<\/p>\n<p><\/p>\n<p><\/p>\n<h2 class=\"wp-block-heading\">Umsatzsteuer-ID<\/h2>\n<p><\/p>\n<p><\/p>\n<p>Umsatzsteuer-Identifikationsnummer gem\u00e4\u00df \u00a7 27 a Umsatzsteuergesetz:<br \/>St.-Nr:40\/661\/044\/59<\/p>\n<p>HRB 24517<\/p>\n<p><\/p>\n<p><\/p>\n<p><\/p>\n<p><\/p>\n<h2 class=\"wp-block-heading\">Verbraucher\u00adstreit\u00adbeilegung\/Universal\u00adschlichtungs\u00adstelle<\/h2>\n<p><\/p>\n<p><\/p>\n<p>Wir sind nicht bereit oder verpflichtet, an Streitbeilegungsverfahren vor einer Verbraucherschlichtungsstelle teilzunehmen.<\/p>\n<p><\/p>\n<\/div>\n<\/div>\n<p><!-- \/wp:media-text --><\/p>\t\t\t\t\t\t\t\t<\/div>\n\t\t\t\t<\/div>\n\t\t\t\t\t<\/div>\n\t\t\t\t<\/div>\n\t\t\t\t<\/div>\n\t\t","protected":false},"excerpt":{"rendered":"<p>Impressum Angaben gem\u00e4\u00df \u00a7 5 TMG Larab K\u00fchltransporte GmbHim Schiffels 2, 55491 B\u00fcchenbeuren Vertreten durch: Jihene Hannafi Kontakt Telefon: \u00a006543-5058427 Telefax: \u00a006543-5058428 Handy:\u00a0 \u00a00176-70848250 E-Mail:\u00a0 \u00a0info@larabkuehltransporte.de Umsatzsteuer-ID Umsatzsteuer-Identifikationsnummer gem\u00e4\u00df \u00a7 27 a Umsatzsteuergesetz:St.-Nr:40\/661\/044\/59 HRB 24517 Verbraucher\u00adstreit\u00adbeilegung\/Universal\u00adschlichtungs\u00adstelle Wir sind nicht bereit oder verpflichtet, an Streitbeilegungsverfahren vor einer Verbraucherschlichtungsstelle teilzunehmen.<\/p>\n","protected":false},"author":1,"featured_media":0,"parent":0,"menu_order":0,"comment_status":"closed","ping_status":"closed","template":"","meta":{"site-sidebar-layout":"default","site-content-layout":"","ast-site-content-layout":"default","site-content-style":"default","site-sidebar-style":"default","ast-global-header-display":"","ast-banner-title-visibility":"","ast-main-header-display":"","ast-hfb-above-header-display":"","ast-hfb-below-header-display":"","ast-hfb-mobile-header-display":"","site-post-title":"","ast-breadcrumbs-content":"","ast-featured-img":"","footer-sml-layout":"","ast-disable-related-posts":"","theme-transparent-header-meta":"","adv-header-id-meta":"","stick-header-meta":"","header-above-stick-meta":"","header-main-stick-meta":"","header-below-stick-meta":"","astra-migrate-meta-layouts":"default","ast-page-background-enabled":"default","ast-page-background-meta":{"desktop":{"background-color":"var(--ast-global-color-4)","background-image":"","background-repeat":"repeat","background-position":"center center","background-size":"auto","background-attachment":"scroll","background-type":"","background-media":"","overlay-type":"","overlay-color":"","overlay-opacity":"","overlay-gradient":""},"tablet":{"background-color":"","background-image":"","background-repeat":"repeat","background-position":"center center","background-size":"auto","background-attachment":"scroll","background-type":"","background-media":"","overlay-type":"","overlay-color":"","overlay-opacity":"","overlay-gradient":""},"mobile":{"background-color":"","background-image":"","background-repeat":"repeat","background-position":"center center","background-size":"auto","background-attachment":"scroll","background-type":"","background-media":"","overlay-type":"","overlay-color":"","overlay-opacity":"","overlay-gradient":""}},"ast-content-background-meta":{"desktop":{"background-color":"var(--ast-global-color-5)","background-image":"","background-repeat":"repeat","background-position":"center center","background-size":"auto","background-attachment":"scroll","background-type":"","background-media":"","overlay-type":"","overlay-color":"","overlay-opacity":"","overlay-gradient":""},"tablet":{"background-color":"var(--ast-global-color-5)","background-image":"","background-repeat":"repeat","background-position":"center center","background-size":"auto","background-attachment":"scroll","background-type":"","background-media":"","overlay-type":"","overlay-color":"","overlay-opacity":"","overlay-gradient":""},"mobile":{"background-color":"var(--ast-global-color-5)","background-image":"","background-repeat":"repeat","background-position":"center center","background-size":"auto","background-attachment":"scroll","background-type":"","background-media":"","overlay-type":"","overlay-color":"","overlay-opacity":"","overlay-gradient":""}},"footnotes":""},"class_list":["post-13","page","type-page","status-publish","hentry"],"yoast_head":"<!-- This site is optimized with the Yoast SEO plugin v25.8 - https:\/\/yoast.com\/wordpress\/plugins\/seo\/ -->\n<title>IMPRESSUM - Larab K\u00fchltransporte GmbH<\/title>\n<meta name=\"robots\" content=\"index, follow, max-snippet:-1, max-image-preview:large, max-video-preview:-1\" \/>\n<link rel=\"canonical\" href=\"https:\/\/xn--larabkhltransporte-r6b.de\/?page_id=13\" \/>\n<meta property=\"og:locale\" content=\"de_DE\" \/>\n<meta property=\"og:type\" content=\"article\" \/>\n<meta property=\"og:title\" content=\"IMPRESSUM - Larab K\u00fchltransporte GmbH\" \/>\n<meta property=\"og:description\" content=\"Impressum Angaben gem\u00e4\u00df \u00a7 5 TMG Larab K\u00fchltransporte GmbHim Schiffels 2, 55491 B\u00fcchenbeuren Vertreten durch: Jihene Hannafi Kontakt Telefon: \u00a006543-5058427 Telefax: \u00a006543-5058428 Handy:\u00a0 \u00a00176-70848250 E-Mail:\u00a0 \u00a0info@larabkuehltransporte.de Umsatzsteuer-ID Umsatzsteuer-Identifikationsnummer gem\u00e4\u00df \u00a7 27 a Umsatzsteuergesetz:St.-Nr:40\/661\/044\/59 HRB 24517 Verbraucher\u00adstreit\u00adbeilegung\/Universal\u00adschlichtungs\u00adstelle Wir sind nicht bereit oder verpflichtet, an Streitbeilegungsverfahren vor einer Verbraucherschlichtungsstelle teilzunehmen.\" \/>\n<meta property=\"og:url\" content=\"https:\/\/xn--larabkhltransporte-r6b.de\/?page_id=13\" \/>\n<meta property=\"og:site_name\" content=\"Larab K\u00fchltransporte GmbH\" \/>\n<meta property=\"article:publisher\" content=\"https:\/\/m.facebook.com\/people\/Larab-Khltransporte\/100063483732104\/\" \/>\n<meta property=\"article:modified_time\" content=\"2025-08-29T14:07:09+00:00\" \/>\n<meta name=\"twitter:card\" content=\"summary_large_image\" \/>\n<meta name=\"twitter:label1\" content=\"Gesch\u00e4tzte Lesezeit\" \/>\n\t<meta name=\"twitter:data1\" content=\"1\u00a0Minute\" \/>\n<script type=\"application\/ld+json\" class=\"yoast-schema-graph\">{\"@context\":\"https:\/\/schema.org\",\"@graph\":[{\"@type\":\"WebPage\",\"@id\":\"https:\/\/xn--larabkhltransporte-r6b.de\/?page_id=13\",\"url\":\"https:\/\/xn--larabkhltransporte-r6b.de\/?page_id=13\",\"name\":\"IMPRESSUM - Larab K\u00fchltransporte GmbH\",\"isPartOf\":{\"@id\":\"https:\/\/xn--larabkhltransporte-r6b.de\/#website\"},\"datePublished\":\"2023-04-30T03:50:40+00:00\",\"dateModified\":\"2025-08-29T14:07:09+00:00\",\"breadcrumb\":{\"@id\":\"https:\/\/xn--larabkhltransporte-r6b.de\/?page_id=13#breadcrumb\"},\"inLanguage\":\"de\",\"potentialAction\":[{\"@type\":\"ReadAction\",\"target\":[\"https:\/\/xn--larabkhltransporte-r6b.de\/?page_id=13\"]}]},{\"@type\":\"BreadcrumbList\",\"@id\":\"https:\/\/xn--larabkhltransporte-r6b.de\/?page_id=13#breadcrumb\",\"itemListElement\":[{\"@type\":\"ListItem\",\"position\":1,\"name\":\"Startseite\",\"item\":\"https:\/\/xn--larabkhltransporte-r6b.de\/\"},{\"@type\":\"ListItem\",\"position\":2,\"name\":\"IMPRESSUM\"}]},{\"@type\":\"WebSite\",\"@id\":\"https:\/\/xn--larabkhltransporte-r6b.de\/#website\",\"url\":\"https:\/\/xn--larabkhltransporte-r6b.de\/\",\"name\":\"Larab K\u00fchltransporte GmbH\",\"description\":\"Transport Unternehmer\",\"publisher\":{\"@id\":\"https:\/\/xn--larabkhltransporte-r6b.de\/#organization\"},\"potentialAction\":[{\"@type\":\"SearchAction\",\"target\":{\"@type\":\"EntryPoint\",\"urlTemplate\":\"https:\/\/xn--larabkhltransporte-r6b.de\/?s={search_term_string}\"},\"query-input\":{\"@type\":\"PropertyValueSpecification\",\"valueRequired\":true,\"valueName\":\"search_term_string\"}}],\"inLanguage\":\"de\"},{\"@type\":\"Organization\",\"@id\":\"https:\/\/xn--larabkhltransporte-r6b.de\/#organization\",\"name\":\"Larab K\u00fchltransporte GmbH\",\"url\":\"https:\/\/xn--larabkhltransporte-r6b.de\/\",\"logo\":{\"@type\":\"ImageObject\",\"inLanguage\":\"de\",\"@id\":\"https:\/\/xn--larabkhltransporte-r6b.de\/#\/schema\/logo\/image\/\",\"url\":\"https:\/\/xn--larabkhltransporte-r6b.de\/wp-content\/uploads\/2023\/04\/cropped-cropped-logo1-1.png\",\"contentUrl\":\"https:\/\/xn--larabkhltransporte-r6b.de\/wp-content\/uploads\/2023\/04\/cropped-cropped-logo1-1.png\",\"width\":150,\"height\":60,\"caption\":\"Larab K\u00fchltransporte GmbH\"},\"image\":{\"@id\":\"https:\/\/xn--larabkhltransporte-r6b.de\/#\/schema\/logo\/image\/\"},\"sameAs\":[\"https:\/\/m.facebook.com\/people\/Larab-Khltransporte\/100063483732104\/\"]}]}<\/script>\n<!-- \/ Yoast SEO plugin. -->","yoast_head_json":{"title":"IMPRESSUM - Larab K\u00fchltransporte GmbH","robots":{"index":"index","follow":"follow","max-snippet":"max-snippet:-1","max-image-preview":"max-image-preview:large","max-video-preview":"max-video-preview:-1"},"canonical":"https:\/\/xn--larabkhltransporte-r6b.de\/?page_id=13","og_locale":"de_DE","og_type":"article","og_title":"IMPRESSUM - Larab K\u00fchltransporte GmbH","og_description":"Impressum Angaben gem\u00e4\u00df \u00a7 5 TMG Larab K\u00fchltransporte GmbHim Schiffels 2, 55491 B\u00fcchenbeuren Vertreten durch: Jihene Hannafi Kontakt Telefon: \u00a006543-5058427 Telefax: \u00a006543-5058428 Handy:\u00a0 \u00a00176-70848250 E-Mail:\u00a0 \u00a0info@larabkuehltransporte.de Umsatzsteuer-ID Umsatzsteuer-Identifikationsnummer gem\u00e4\u00df \u00a7 27 a Umsatzsteuergesetz:St.-Nr:40\/661\/044\/59 HRB 24517 Verbraucher\u00adstreit\u00adbeilegung\/Universal\u00adschlichtungs\u00adstelle Wir sind nicht bereit oder verpflichtet, an Streitbeilegungsverfahren vor einer Verbraucherschlichtungsstelle teilzunehmen.","og_url":"https:\/\/xn--larabkhltransporte-r6b.de\/?page_id=13","og_site_name":"Larab K\u00fchltransporte GmbH","article_publisher":"https:\/\/m.facebook.com\/people\/Larab-Khltransporte\/100063483732104\/","article_modified_time":"2025-08-29T14:07:09+00:00","twitter_card":"summary_large_image","twitter_misc":{"Gesch\u00e4tzte Lesezeit":"1\u00a0Minute"},"schema":{"@context":"https:\/\/schema.org","@graph":[{"@type":"WebPage","@id":"https:\/\/xn--larabkhltransporte-r6b.de\/?page_id=13","url":"https:\/\/xn--larabkhltransporte-r6b.de\/?page_id=13","name":"IMPRESSUM - Larab K\u00fchltransporte GmbH","isPartOf":{"@id":"https:\/\/xn--larabkhltransporte-r6b.de\/#website"},"datePublished":"2023-04-30T03:50:40+00:00","dateModified":"2025-08-29T14:07:09+00:00","breadcrumb":{"@id":"https:\/\/xn--larabkhltransporte-r6b.de\/?page_id=13#breadcrumb"},"inLanguage":"de","potentialAction":[{"@type":"ReadAction","target":["https:\/\/xn--larabkhltransporte-r6b.de\/?page_id=13"]}]},{"@type":"BreadcrumbList","@id":"https:\/\/xn--larabkhltransporte-r6b.de\/?page_id=13#breadcrumb","itemListElement":[{"@type":"ListItem","position":1,"name":"Startseite","item":"https:\/\/xn--larabkhltransporte-r6b.de\/"},{"@type":"ListItem","position":2,"name":"IMPRESSUM"}]},{"@type":"WebSite","@id":"https:\/\/xn--larabkhltransporte-r6b.de\/#website","url":"https:\/\/xn--larabkhltransporte-r6b.de\/","name":"Larab K\u00fchltransporte GmbH","description":"Transport Unternehmer","publisher":{"@id":"https:\/\/xn--larabkhltransporte-r6b.de\/#organization"},"potentialAction":[{"@type":"SearchAction","target":{"@type":"EntryPoint","urlTemplate":"https:\/\/xn--larabkhltransporte-r6b.de\/?s={search_term_string}"},"query-input":{"@type":"PropertyValueSpecification","valueRequired":true,"valueName":"search_term_string"}}],"inLanguage":"de"},{"@type":"Organization","@id":"https:\/\/xn--larabkhltransporte-r6b.de\/#organization","name":"Larab K\u00fchltransporte GmbH","url":"https:\/\/xn--larabkhltransporte-r6b.de\/","logo":{"@type":"ImageObject","inLanguage":"de","@id":"https:\/\/xn--larabkhltransporte-r6b.de\/#\/schema\/logo\/image\/","url":"https:\/\/xn--larabkhltransporte-r6b.de\/wp-content\/uploads\/2023\/04\/cropped-cropped-logo1-1.png","contentUrl":"https:\/\/xn--larabkhltransporte-r6b.de\/wp-content\/uploads\/2023\/04\/cropped-cropped-logo1-1.png","width":150,"height":60,"caption":"Larab K\u00fchltransporte GmbH"},"image":{"@id":"https:\/\/xn--larabkhltransporte-r6b.de\/#\/schema\/logo\/image\/"},"sameAs":["https:\/\/m.facebook.com\/people\/Larab-Khltransporte\/100063483732104\/"]}]}},"_links":{"self":[{"href":"https:\/\/xn--larabkhltransporte-r6b.de\/index.php?rest_route=\/wp\/v2\/pages\/13","targetHints":{"allow":["GET"]}}],"collection":[{"href":"https:\/\/xn--larabkhltransporte-r6b.de\/index.php?rest_route=\/wp\/v2\/pages"}],"about":[{"href":"https:\/\/xn--larabkhltransporte-r6b.de\/index.php?rest_route=\/wp\/v2\/types\/page"}],"author":[{"embeddable":true,"href":"https:\/\/xn--larabkhltransporte-r6b.de\/index.php?rest_route=\/wp\/v2\/users\/1"}],"replies":[{"embeddable":true,"href":"https:\/\/xn--larabkhltransporte-r6b.de\/index.php?rest_route=%2Fwp%2Fv2%2Fcomments&post=13"}],"version-history":[{"count":22,"href":"https:\/\/xn--larabkhltransporte-r6b.de\/index.php?rest_route=\/wp\/v2\/pages\/13\/revisions"}],"predecessor-version":[{"id":401,"href":"https:\/\/xn--larabkhltransporte-r6b.de\/index.php?rest_route=\/wp\/v2\/pages\/13\/revisions\/401"}],"wp:attachment":[{"href":"https:\/\/xn--larabkhltransporte-r6b.de\/index.php?rest_route=%2Fwp%2Fv2%2Fmedia&parent=13"}],"curies":[{"name":"wp","href":"https:\/\/api.w.org\/{rel}","templated":true}]}}